{"id":501,"date":"2025-07-04T15:48:51","date_gmt":"2025-07-04T13:48:51","guid":{"rendered":"https:\/\/elv001.dev.360vier.net\/?page_id=501"},"modified":"2025-09-22T09:48:06","modified_gmt":"2025-09-22T07:48:06","slug":"ueber-uns","status":"publish","type":"page","link":"https:\/\/de.elv.com\/elvjournal\/ueber-uns\/","title":{"rendered":"\u00dcber Uns"},"content":{"rendered":"\n<div style=\"height:37px\" aria-hidden=\"true\" class=\"wp-block-spacer\"><\/div>\n\n\n\n<h2 class=\"wp-block-heading\">\u00dcber uns<\/h2>\n\n\n\n<div style=\"height:37px\" aria-hidden=\"true\" class=\"wp-block-spacer\"><\/div>\n\n\n\n<div class=\"wp-block-columns is-layout-flex wp-container-core-columns-is-layout-28f84493 wp-block-columns-is-layout-flex\">\n<div class=\"wp-block-column is-layout-flow wp-block-column-is-layout-flow\" style=\"flex-basis:90%\">\n<p>Als\u00a0<strong>ELV-\/eQ-3-Gruppe<\/strong>\u00a0sind wir eine international agierende Unternehmensgruppe und z\u00e4hlen mit \u00fcber 1.000 Mitarbeiterinnen und Mitarbeitern \u2013 davon rund 350 Besch\u00e4ftigte an unserem Hauptsitz in Leer \u2013 seit mehr als 45 Jahren zu den Innovations- und Technologief\u00fchrern in den Bereichen Hausautomation und Consumer Electronics in Europa. Mehr als 100 Entwicklerinnen und Entwickler arbeiten best\u00e4ndig daran, neue Produkte zu entwerfen, unser Produktportfolio zu vergr\u00f6\u00dfern, und um neue Funktionen zu erweitern, mit denen wir Ihr Zuhause bereichern wollen.<br><br>Im Jahr 1978 gr\u00fcndete Prof. Heinz-G. Redeker im nieders\u00e4chsischen Leer das Unternehmen ELV, einen Special-Interest-Verlag und zugleich ein bis heute europaweit operierendes Elektronikversandhaus. Seit seiner Gr\u00fcndung hat sich ELV als richtungweisendes\u00a0<strong>Elektronikversandhaus<\/strong>\u00a0auf dem deutschen Markt etabliert.<\/p>\n<\/div>\n\n\n\n<div class=\"wp-block-column is-layout-flow wp-block-column-is-layout-flow\" style=\"flex-basis:33.33%\">\n<figure class=\"wp-block-image alignright size-full\"><img loading=\"lazy\" decoding=\"async\" width=\"443\" height=\"640\" src=\"https:\/\/elvjournal.elv.com\/wp-content\/uploads\/Redeker_Text.jpg\" alt=\"Prof. Heinz-G. Redeker (Vorsitzender des Vorstands)\" class=\"wp-image-1240\" style=\"object-fit:cover\" srcset=\"https:\/\/elvjournal.elv.com\/wp-content\/uploads\/Redeker_Text.jpg 443w, https:\/\/elvjournal.elv.com\/wp-content\/uploads\/Redeker_Text-208x300.jpg 208w\" sizes=\"auto, (max-width: 443px) 100vw, 443px\" \/><\/figure>\n<\/div>\n<\/div>\n\n\n\n<p>Daneben ist ELV\u00a0<strong>Herausgeber<\/strong>\u00a0des \u201eELVjournal\u201c, welches als Fachmagazin f\u00fcr angewandte Elektronik sechs Mal im Jahr in einem Umfang von etwa 116 Seiten erscheint. Bis zur Ausgabe 6\/2023 umfasst das ELVjournal mehr als 3900 Fachbeitr\u00e4gen und \u00fcber 270 gedruckten Ausgaben. Seit der Ausgabe 1\/2024 erscheint das ELVjournal vollst\u00e4ndig digital \u2013 in der ELVjournal-App, als E-Paper oder klassisch als PDF zum Download.<br><br>eQ-3 ist eines der f\u00fchrenden Unternehmen im Smart-Home-Markt mit jahrzehntelanger Erfahrung und verf\u00fcgt als\u00a0<strong>Hersteller<\/strong>\u00a0von Home-Control- und Energiemanagement-L\u00f6sungen \u00fcber ein umfassendes Produktportfolio, das \u00fcber Vertriebspartner, Systemintegratoren, Handelskan\u00e4le und als OEM-Produkt vermarktet wird. Im Jahr 2023 wurde eQ-3 im neunten Jahr in Folge vom renommierten schwedischen Marktforscher Berg Insight zum europ\u00e4ischen Marktf\u00fchrer* im Bereich \u201eWhole Home\u201c-Systeme gek\u00fcrt.<br><br><strong>Homematic IP<\/strong>\u00a0ist seit 2015 die erste Wahl f\u00fcr Smart-Home-Einsteiger und -Enthusiasten. Das stetig wachsende Sortiment aus mehr als 150 Produkten umfasst die Bereiche\u00a0Energiemanagement, Raumklima, Licht &amp; Beschattung, Sicherheit &amp; Alarm, Wetter &amp; Umwelt sowie Zutritt. Advanced Routing erm\u00f6glicht die nahtlose Verbindung von kabelgebundenen und funkgesteuerten Ger\u00e4ten in einer Installation. Damit eignet sich Homematic IP f\u00fcr die Mietwohnung ebenso wie f\u00fcr den Neubau.<br><br>Das Design und die\u00a0<strong>Entwicklung<\/strong>\u00a0der Produkte erfolgen ausschlie\u00dflich in der Zentrale in Leer, in einem Team mit mehr als 100 hochqualifizierten Ingenieuren und Technikern. Das wesentliche Know-how der Eigenentwicklungen ist durch Patente, Geschmacks- und Gebrauchsmuster gesch\u00fctzt.<br><br>Produziert wird im 100% konzerneigenen\u00a0<strong>Werk<\/strong>\u00a0in Zhuhai, S\u00fcdchina, mit Zertifizierungen gem\u00e4\u00df ISO 9001, VDE, VdS, UL, BSCI und ETL.<\/p>\n\n\n\n<figure class=\"wp-block-image size-full is-resized\"><img loading=\"lazy\" decoding=\"async\" width=\"1480\" height=\"987\" src=\"https:\/\/elvjournal.elv.com\/wp-content\/uploads\/zhuhai_gebaeude.jpg\" alt=\"Das Fabrikgeb\u00e4ude in Zhuhai, S\u00fcdchina\" class=\"wp-image-1241\" style=\"width:600px\" srcset=\"https:\/\/elvjournal.elv.com\/wp-content\/uploads\/zhuhai_gebaeude.jpg 1480w, https:\/\/elvjournal.elv.com\/wp-content\/uploads\/zhuhai_gebaeude-300x200.jpg 300w, https:\/\/elvjournal.elv.com\/wp-content\/uploads\/zhuhai_gebaeude-768x512.jpg 768w\" sizes=\"auto, (max-width: 1480px) 100vw, 1480px\" \/><\/figure>\n\n\n\n<p><strong>Gelebte Unternehmensphilosophie:<\/strong>\u00a0Das voll verglaste Pentagon steht f\u00fcr Transparenz und klare Formen. Modernste Technik ist im Einsatz. Lichtschalter, T\u00fcrschl\u00f6sser und Fenstergriffe geh\u00f6ren hier der Vergangenheit an. \u00dcberwiegend selbst entwickelte und produzierte L\u00f6sungen sind Basis f\u00fcr das elektronische Geb\u00e4udemanagement, das nicht nur f\u00fcr optimale Arbeitsbedingungen sorgt, sondern auch einen wertvollen Beitrag zur Energieeinsparung und damit zum Umweltschutz leistet.<\/p>\n\n\n\n<figure class=\"wp-block-image size-full is-resized\"><img loading=\"lazy\" decoding=\"async\" width=\"1480\" height=\"987\" src=\"https:\/\/elvjournal.elv.com\/wp-content\/uploads\/elv_gebaeude.jpg\" alt=\"Der ELV-Stammsitz in Leer\" class=\"wp-image-1238\" style=\"width:600px\" srcset=\"https:\/\/elvjournal.elv.com\/wp-content\/uploads\/elv_gebaeude.jpg 1480w, https:\/\/elvjournal.elv.com\/wp-content\/uploads\/elv_gebaeude-300x200.jpg 300w, https:\/\/elvjournal.elv.com\/wp-content\/uploads\/elv_gebaeude-768x512.jpg 768w\" sizes=\"auto, (max-width: 1480px) 100vw, 1480px\" \/><\/figure>\n\n\n\n<p class=\"has-text-small-font-size\">* Smart Homes and Home Automation Studie (2023) Berg Insight bzgl. \u201eWhole Home\u201c-Systemen<\/p>\n\n\n\n<p><\/p>\n","protected":false},"excerpt":{"rendered":"<p>\u00dcber uns Als\u00a0ELV-\/eQ-3-Gruppe\u00a0sind wir eine international agierende Unternehmensgruppe und z\u00e4hlen mit \u00fcber 1.000 Mitarbeiterinnen und Mitarbeitern \u2013 davon rund 350 Besch\u00e4ftigte an unserem Hauptsitz in Leer \u2013 seit mehr als 45 Jahren zu den Innovations- und Technologief\u00fchrern in den Bereichen Hausautomation und Consumer Electronics in Europa. Mehr als 100 Entwicklerinnen und Entwickler arbeiten best\u00e4ndig daran, &hellip; <a href=\"https:\/\/de.elv.com\/elvjournal\/ueber-uns\/\">Continued<\/a><\/p>\n","protected":false},"author":3,"featured_media":0,"parent":0,"menu_order":0,"comment_status":"closed","ping_status":"closed","template":"","meta":{"_acf_changed":false,"footnotes":""},"class_list":["post-501","page","type-page","status-publish","hentry"],"acf":[],"_links":{"self":[{"href":"https:\/\/de.elv.com\/elvjournal\/wp-json\/wp\/v2\/pages\/501","targetHints":{"allow":["GET"]}}],"collection":[{"href":"https:\/\/de.elv.com\/elvjournal\/wp-json\/wp\/v2\/pages"}],"about":[{"href":"https:\/\/de.elv.com\/elvjournal\/wp-json\/wp\/v2\/types\/page"}],"author":[{"embeddable":true,"href":"https:\/\/de.elv.com\/elvjournal\/wp-json\/wp\/v2\/users\/3"}],"replies":[{"embeddable":true,"href":"https:\/\/de.elv.com\/elvjournal\/wp-json\/wp\/v2\/comments?post=501"}],"version-history":[{"count":14,"href":"https:\/\/de.elv.com\/elvjournal\/wp-json\/wp\/v2\/pages\/501\/revisions"}],"predecessor-version":[{"id":1252,"href":"https:\/\/de.elv.com\/elvjournal\/wp-json\/wp\/v2\/pages\/501\/revisions\/1252"}],"wp:attachment":[{"href":"https:\/\/de.elv.com\/elvjournal\/wp-json\/wp\/v2\/media?parent=501"}],"curies":[{"name":"wp","href":"https:\/\/api.w.org\/{rel}","templated":true}]}}