{"id":2599,"date":"2025-09-08T14:30:39","date_gmt":"2025-09-08T12:30:39","guid":{"rendered":"https:\/\/staging.elv.eqxt.de\/?page_id=2599"},"modified":"2025-09-10T18:13:37","modified_gmt":"2025-09-10T16:13:37","slug":"so-funktioniert-das-elvjournal-online","status":"publish","type":"page","link":"https:\/\/de.elv.com\/elvjournal\/so-funktioniert-das-elvjournal-online\/","title":{"rendered":"So funktioniert das ELVjournal online"},"content":{"rendered":"\n<div style=\"height:37px\" aria-hidden=\"true\" class=\"wp-block-spacer\"><\/div>\n\n\n\n<h1 class=\"wp-block-heading\">Herzlich Willkommen bei ELVjournal online,<\/h1>\n\n\n\n<div style=\"height:9px\" aria-hidden=\"true\" class=\"wp-block-spacer\"><\/div>\n\n\n\n<div class=\"wp-block-columns is-layout-flex wp-container-core-columns-is-layout-28f84493 wp-block-columns-is-layout-flex\">\n<div class=\"wp-block-column is-layout-flow wp-block-column-is-layout-flow\" style=\"flex-basis:82%\">\n<p>dem digitalen Treffpunkt f\u00fcr Techniker, Maker und Smart Home Begeisterte\u2026 kurz: f\u00fcr alle, die Elektronik genau so lieben, wie wir. Schon seit 1979 gibt unsere Redaktion das ELVjournal heraus \u2013 und ich erinnere mich noch gut daran, wie ich das erste Heft in den H\u00e4nden hielt. Damals war es f\u00fcr mich nicht nur eine Zeitschrift, sondern ein Versprechen: Wissen teilen, T\u00fcftler inspirieren und Ideen Wirklichkeit werden lassen.<\/p>\n\n\n\n<p>Seit \u00fcber vier Jahrzehnten versorgen wir unsere Leserinnen und Leser alle zwei Monate mit Informationen zu selbstentwickelten Baus\u00e4tzen, neuen Experimenten und fundierten Fachartikeln. Mit ELVjournal online m\u00f6chten wir Ihnen nun noch mehr bieten: w\u00f6chentlich frische Artikel, spannende und breiter aufgestellte Projektideen sowie Einblicke in aktuelle Entwicklungen.<\/p>\n\n\n\n<p>Unsere Leidenschaft f\u00fcr Elektronik endet nicht an der Werkbank \u2013 sie lebt in jedem Beitrag, jedem Tipp und jedem Bauteil, das wir Ihnen vorstellen. Und Sie lebt auch in Ihnen, unseren Leserinnen und Lesern. ELVjournal online soll keine Einbahnstra\u00dfe sein. Unter jedem Artikel k\u00f6nnen Sie mit uns diskutieren und fachsimpeln. Teilen Sie Ihre Erfahrungen mit anderen Nutzern und lassen Sie uns wissen, welche Inhalte Sie begeistern. Ob Sie gerade erst anfangen oder l\u00e4ngst Profi sind: Wir laden Sie ein, Teil einer Community zu sein, die seit Generationen eines verbindet \u2013 die Freude am Entdecken und Gestalten.<\/p>\n\n\n\n<p>Viel Spa\u00df beim Anschauen, Lesen und Ausprobieren \u2013 und bleiben Sie neugierig!<\/p>\n<\/div>\n\n\n\n<div class=\"wp-block-column is-layout-flow wp-block-column-is-layout-flow\" style=\"flex-basis:33.33%\">\n<figure class=\"wp-block-image alignleft size-full is-resized\"><img loading=\"lazy\" decoding=\"async\" width=\"1088\" height=\"1643\" src=\"https:\/\/elvjournal.elv.com\/wp-content\/uploads\/Bild.jpeg\" alt=\"Prof. Heinz-G. Redeker (Vorsitzender des Vorstands)\" class=\"wp-image-3201\" style=\"width:300px\" srcset=\"https:\/\/elvjournal.elv.com\/wp-content\/uploads\/Bild.jpeg 1088w, https:\/\/elvjournal.elv.com\/wp-content\/uploads\/Bild-199x300.jpeg 199w, https:\/\/elvjournal.elv.com\/wp-content\/uploads\/Bild-1060x1600.jpeg 1060w, https:\/\/elvjournal.elv.com\/wp-content\/uploads\/Bild-768x1160.jpeg 768w, https:\/\/elvjournal.elv.com\/wp-content\/uploads\/Bild-1017x1536.jpeg 1017w\" sizes=\"auto, (max-width: 1088px) 100vw, 1088px\" \/><figcaption class=\"wp-element-caption\">Prof. Heinz-G. Redeker (Vorsitzender des Vorstands)<\/figcaption><\/figure>\n<\/div>\n<\/div>\n\n\n\n<h2 class=\"wp-block-heading\">Und so einfach geht\u2018s:<\/h2>\n\n\n\n<figure class=\"wp-block-image size-full is-style-bordered\"><img loading=\"lazy\" decoding=\"async\" width=\"1842\" height=\"1015\" src=\"https:\/\/elvjournal.elv.com\/wp-content\/uploads\/elv_online_bild01.jpg\" alt=\"\" class=\"wp-image-3380\" style=\"object-fit:cover\" srcset=\"https:\/\/elvjournal.elv.com\/wp-content\/uploads\/elv_online_bild01.jpg 1842w, https:\/\/elvjournal.elv.com\/wp-content\/uploads\/elv_online_bild01-300x165.jpg 300w, https:\/\/elvjournal.elv.com\/wp-content\/uploads\/elv_online_bild01-1600x882.jpg 1600w, https:\/\/elvjournal.elv.com\/wp-content\/uploads\/elv_online_bild01-768x423.jpg 768w, https:\/\/elvjournal.elv.com\/wp-content\/uploads\/elv_online_bild01-1536x846.jpg 1536w\" sizes=\"auto, (max-width: 1842px) 100vw, 1842px\" \/><\/figure>\n\n\n\n<p style=\"letter-spacing:0px\"><img loading=\"lazy\" decoding=\"async\" width=\"38\" height=\"22\" class=\"wp-image-3188\" style=\"width: 38px;\" src=\"https:\/\/elvjournal.elv.com\/wp-content\/uploads\/nummer_01-1.jpg\" alt=\"\" srcset=\"https:\/\/elvjournal.elv.com\/wp-content\/uploads\/nummer_01-1.jpg 313w, https:\/\/elvjournal.elv.com\/wp-content\/uploads\/nummer_01-1-300x176.jpg 300w\" sizes=\"auto, (max-width: 38px) 100vw, 38px\" \/><strong>Beitrags\u00fcbersicht:<\/strong> St\u00f6bern Sie durch alle Beitr\u00e4ge. Mehr zu den M\u00f6glichkeiten im folgenden Abschnitt.<br><img loading=\"lazy\" decoding=\"async\" width=\"38\" height=\"22\" class=\"wp-image-3189\" style=\"width: 38px;\" src=\"https:\/\/elvjournal.elv.com\/wp-content\/uploads\/nummer_02-1.jpg\" alt=\"\" srcset=\"https:\/\/elvjournal.elv.com\/wp-content\/uploads\/nummer_02-1.jpg 313w, https:\/\/elvjournal.elv.com\/wp-content\/uploads\/nummer_02-1-300x176.jpg 300w\" sizes=\"auto, (max-width: 38px) 100vw, 38px\" \/><strong>Experten antworten:<\/strong> Unser technischer Support antwortet auf h\u00e4ufig gestellte Fragen zu Produkten und Baus\u00e4tzen.<br><img loading=\"lazy\" decoding=\"async\" width=\"38\" height=\"22\" class=\"wp-image-3190\" style=\"width: 38px;\" src=\"https:\/\/elvjournal.elv.com\/wp-content\/uploads\/nummer_03-1.jpg\" alt=\"\" srcset=\"https:\/\/elvjournal.elv.com\/wp-content\/uploads\/nummer_03-1.jpg 313w, https:\/\/elvjournal.elv.com\/wp-content\/uploads\/nummer_03-1-300x176.jpg 300w\" sizes=\"auto, (max-width: 38px) 100vw, 38px\" \/><strong>Vorschau:<\/strong> Hier finden Sie die bereits bekannte Vorschau auf kommende Baus\u00e4tze und Fachartikel.<br><img loading=\"lazy\" decoding=\"async\" width=\"38\" height=\"22\" class=\"wp-image-3191\" style=\"width: 38px;\" src=\"https:\/\/elvjournal.elv.com\/wp-content\/uploads\/nummer_04-1.jpg\" alt=\"\" srcset=\"https:\/\/elvjournal.elv.com\/wp-content\/uploads\/nummer_04-1.jpg 313w, https:\/\/elvjournal.elv.com\/wp-content\/uploads\/nummer_04-1-300x176.jpg 300w\" sizes=\"auto, (max-width: 38px) 100vw, 38px\" \/><strong>Alle Ausgaben:<\/strong> Klicken Sie hier, um alle Ausgaben des ELVjournals als E-Paper anzuschauen.<br><img loading=\"lazy\" decoding=\"async\" width=\"38\" height=\"22\" class=\"wp-image-3385\" style=\"width: 38px;\" src=\"https:\/\/elvjournal.elv.com\/wp-content\/uploads\/nummer_05.jpg\" alt=\"\" srcset=\"https:\/\/elvjournal.elv.com\/wp-content\/uploads\/nummer_05.jpg 313w, https:\/\/elvjournal.elv.com\/wp-content\/uploads\/nummer_05-300x176.jpg 300w\" sizes=\"auto, (max-width: 38px) 100vw, 38px\" \/><strong>PDF-Beitr\u00e4ge:<\/strong> Alle unsere bereits ver\u00f6ffentlichten Fachbeitr\u00e4ge sind auch einzeln als PDF downloadbar.<\/p>\n\n\n\n<div style=\"height:37px\" aria-hidden=\"true\" class=\"wp-block-spacer\"><\/div>\n\n\n\n<p>In der <strong>Beitrags\u00fcbersicht <\/strong>finden Sie alle bereits ver\u00f6ffentlichten Beitr\u00e4ge. Hier k\u00f6nnen Sie beispielsweise nach Kategorien wie \u201eSmart Home &amp; Automation\u201c oder \u201eTechnik-Wissen\u201c w\u00e4hlen. Auch eine Vorfilterung der Autoren ist m\u00f6glich.<\/p>\n\n\n\n<figure class=\"wp-block-image size-full is-style-bordered\"><img decoding=\"async\" src=\"https:\/\/elvjournal.elv.com\/wp-content\/uploads\/elv_online_bild02.jpg\" alt=\"\" class=\"wp-image-3382\"\/><\/figure>\n\n\n\n<p><img loading=\"lazy\" decoding=\"async\" width=\"38\" height=\"22\" class=\"wp-image-3188\" style=\"width: 38px;\" src=\"https:\/\/elvjournal.elv.com\/wp-content\/uploads\/nummer_01-1.jpg\" alt=\"\" srcset=\"https:\/\/elvjournal.elv.com\/wp-content\/uploads\/nummer_01-1.jpg 313w, https:\/\/elvjournal.elv.com\/wp-content\/uploads\/nummer_01-1-300x176.jpg 300w\" sizes=\"auto, (max-width: 38px) 100vw, 38px\" \/><strong>Kategorien <\/strong>festlegen und Beitr\u00e4ge vorfiltern.<br><img loading=\"lazy\" decoding=\"async\" width=\"38\" height=\"22\" class=\"wp-image-3189\" style=\"width: 38px;\" src=\"https:\/\/elvjournal.elv.com\/wp-content\/uploads\/nummer_02-1.jpg\" alt=\"\" srcset=\"https:\/\/elvjournal.elv.com\/wp-content\/uploads\/nummer_02-1.jpg 313w, https:\/\/elvjournal.elv.com\/wp-content\/uploads\/nummer_02-1-300x176.jpg 300w\" sizes=\"auto, (max-width: 38px) 100vw, 38px\" \/><strong>\u201eSortieren nach\u201c:<\/strong> W\u00e4hlen Sie die Reihenfolge der Beitrags\u00fcbersicht (neueste, \u00e4lteste, nach Namen).<br><strong><img loading=\"lazy\" decoding=\"async\" width=\"38\" height=\"22\" class=\"wp-image-3190\" style=\"width: 38px;\" src=\"https:\/\/elvjournal.elv.com\/wp-content\/uploads\/nummer_03-1.jpg\" alt=\"\" srcset=\"https:\/\/elvjournal.elv.com\/wp-content\/uploads\/nummer_03-1.jpg 313w, https:\/\/elvjournal.elv.com\/wp-content\/uploads\/nummer_03-1-300x176.jpg 300w\" sizes=\"auto, (max-width: 38px) 100vw, 38px\" \/>Autor:<\/strong> Legen Sie einen Filter f\u00fcr Ihren Lieblingsautor fest.<br><img loading=\"lazy\" decoding=\"async\" width=\"38\" height=\"22\" class=\"wp-image-3191\" style=\"width: 38px;\" src=\"https:\/\/elvjournal.elv.com\/wp-content\/uploads\/nummer_04-1.jpg\" alt=\"\" srcset=\"https:\/\/elvjournal.elv.com\/wp-content\/uploads\/nummer_04-1.jpg 313w, https:\/\/elvjournal.elv.com\/wp-content\/uploads\/nummer_04-1-300x176.jpg 300w\" sizes=\"auto, (max-width: 38px) 100vw, 38px\" \/><strong>Artikel pro Seite:<\/strong> Wie viele Beit\u00e4ge sollen in der \u00dcbersicht untereinander angezeigt werden?<\/p>\n\n\n\n<div style=\"height:37px\" aria-hidden=\"true\" class=\"wp-block-spacer\"><\/div>\n\n\n\n<figure class=\"wp-block-image size-full is-style-bordered\"><img decoding=\"async\" src=\"https:\/\/elvjournal.elv.com\/wp-content\/uploads\/elv_online_bild03.jpg\" alt=\"\" class=\"wp-image-3387\"\/><\/figure>\n\n\n\n<p><img loading=\"lazy\" decoding=\"async\" width=\"38\" height=\"22\" class=\"wp-image-3188\" style=\"width: 38px;\" src=\"https:\/\/elvjournal.elv.com\/wp-content\/uploads\/nummer_01-1.jpg\" alt=\"\" srcset=\"https:\/\/elvjournal.elv.com\/wp-content\/uploads\/nummer_01-1.jpg 313w, https:\/\/elvjournal.elv.com\/wp-content\/uploads\/nummer_01-1-300x176.jpg 300w\" sizes=\"auto, (max-width: 38px) 100vw, 38px\" \/>Infos zur <strong>Lesezeit<\/strong>, zu dem <strong>Ver\u00f6ffentlichungsdatum <\/strong>sowie dem <strong>Autor<\/strong>.<br><img loading=\"lazy\" decoding=\"async\" width=\"38\" height=\"22\" class=\"wp-image-3189\" style=\"width: 38px;\" src=\"https:\/\/elvjournal.elv.com\/wp-content\/uploads\/nummer_02-1.jpg\" alt=\"\" srcset=\"https:\/\/elvjournal.elv.com\/wp-content\/uploads\/nummer_02-1.jpg 313w, https:\/\/elvjournal.elv.com\/wp-content\/uploads\/nummer_02-1-300x176.jpg 300w\" sizes=\"auto, (max-width: 38px) 100vw, 38px\" \/><strong>Navigationsleiste<\/strong>, um direkt zu einem bestimmten Artikelbereich zu gelangen: Sie suchen direkt den Schaltungsentwurf? Einfach hinspringen!<br><img loading=\"lazy\" decoding=\"async\" width=\"38\" height=\"22\" class=\"wp-image-3190\" style=\"width: 38px;\" src=\"https:\/\/elvjournal.elv.com\/wp-content\/uploads\/nummer_03-1.jpg\" alt=\"\" srcset=\"https:\/\/elvjournal.elv.com\/wp-content\/uploads\/nummer_03-1.jpg 313w, https:\/\/elvjournal.elv.com\/wp-content\/uploads\/nummer_03-1-300x176.jpg 300w\" sizes=\"auto, (max-width: 38px) 100vw, 38px\" \/><strong>Lesebereich <\/strong>des Fachbeitrags inklusive multimedialer Inhalte, wie Galerien oder Youtube-Videos.<\/p>\n\n\n\n<div style=\"height:37px\" aria-hidden=\"true\" class=\"wp-block-spacer\"><\/div>\n\n\n\n<p><img loading=\"lazy\" decoding=\"async\" width=\"50\" height=\"41\" class=\"wp-image-3182\" style=\"width: 50px;\" src=\"https:\/\/elvjournal.elv.com\/wp-content\/uploads\/haken.jpg\" alt=\"\" srcset=\"https:\/\/elvjournal.elv.com\/wp-content\/uploads\/haken.jpg 359w, https:\/\/elvjournal.elv.com\/wp-content\/uploads\/haken-300x245.jpg 300w\" sizes=\"auto, (max-width: 50px) 100vw, 50px\" \/><strong>Aktuell:<\/strong> w\u00f6chentliche Artikel statt zweimonatlich<br><img loading=\"lazy\" decoding=\"async\" width=\"50\" height=\"41\" class=\"wp-image-3182\" style=\"width: 50px;\" src=\"https:\/\/elvjournal.elv.com\/wp-content\/uploads\/haken.jpg\" alt=\"\" srcset=\"https:\/\/elvjournal.elv.com\/wp-content\/uploads\/haken.jpg 359w, https:\/\/elvjournal.elv.com\/wp-content\/uploads\/haken-300x245.jpg 300w\" sizes=\"auto, (max-width: 50px) 100vw, 50px\" \/><strong>Multimedial:<\/strong> Videos, Downloads, Baupl\u00e4ne, Programmierbeispiele<br><img loading=\"lazy\" decoding=\"async\" width=\"50\" height=\"41\" class=\"wp-image-3182\" style=\"width: 50px;\" src=\"https:\/\/elvjournal.elv.com\/wp-content\/uploads\/haken.jpg\" alt=\"\" srcset=\"https:\/\/elvjournal.elv.com\/wp-content\/uploads\/haken.jpg 359w, https:\/\/elvjournal.elv.com\/wp-content\/uploads\/haken-300x245.jpg 300w\" sizes=\"auto, (max-width: 50px) 100vw, 50px\" \/><strong>Interaktiv: <\/strong>Kommentare, Fragen, Leserprojekte, Austausch mit Redaktion und Entwicklern<br><strong><img loading=\"lazy\" decoding=\"async\" width=\"50\" height=\"41\" class=\"wp-image-3182\" style=\"width: 50px;\" src=\"https:\/\/elvjournal.elv.com\/wp-content\/uploads\/haken.jpg\" alt=\"\" srcset=\"https:\/\/elvjournal.elv.com\/wp-content\/uploads\/haken.jpg 359w, https:\/\/elvjournal.elv.com\/wp-content\/uploads\/haken-300x245.jpg 300w\" sizes=\"auto, (max-width: 50px) 100vw, 50px\" \/>Themenvielfalt:<\/strong> breit gef\u00e4cherte Themen \u2013 vom Schaltungsentwurf, \u00fcber 3D-Druck, Photovoltaiktechnik bis hin zu aktuellen KI-Themen<\/p>\n\n\n\n<div style=\"height:94px\" aria-hidden=\"true\" class=\"wp-block-spacer\"><\/div>\n","protected":false},"excerpt":{"rendered":"<p>Herzlich Willkommen bei ELVjournal online, dem digitalen Treffpunkt f\u00fcr Techniker, Maker und Smart Home Begeisterte\u2026 kurz: f\u00fcr alle, die Elektronik genau so lieben, wie wir. Schon seit 1979 gibt unsere Redaktion das ELVjournal heraus \u2013 und ich erinnere mich noch gut daran, wie ich das erste Heft in den H\u00e4nden hielt. Damals war es f\u00fcr &hellip; <a href=\"https:\/\/de.elv.com\/elvjournal\/so-funktioniert-das-elvjournal-online\/\">Continued<\/a><\/p>\n","protected":false},"author":5,"featured_media":0,"parent":0,"menu_order":0,"comment_status":"closed","ping_status":"closed","template":"","meta":{"_acf_changed":false,"footnotes":""},"class_list":["post-2599","page","type-page","status-publish","hentry"],"acf":[],"_links":{"self":[{"href":"https:\/\/de.elv.com\/elvjournal\/wp-json\/wp\/v2\/pages\/2599","targetHints":{"allow":["GET"]}}],"collection":[{"href":"https:\/\/de.elv.com\/elvjournal\/wp-json\/wp\/v2\/pages"}],"about":[{"href":"https:\/\/de.elv.com\/elvjournal\/wp-json\/wp\/v2\/types\/page"}],"author":[{"embeddable":true,"href":"https:\/\/de.elv.com\/elvjournal\/wp-json\/wp\/v2\/users\/5"}],"replies":[{"embeddable":true,"href":"https:\/\/de.elv.com\/elvjournal\/wp-json\/wp\/v2\/comments?post=2599"}],"version-history":[{"count":20,"href":"https:\/\/de.elv.com\/elvjournal\/wp-json\/wp\/v2\/pages\/2599\/revisions"}],"predecessor-version":[{"id":4460,"href":"https:\/\/de.elv.com\/elvjournal\/wp-json\/wp\/v2\/pages\/2599\/revisions\/4460"}],"wp:attachment":[{"href":"https:\/\/de.elv.com\/elvjournal\/wp-json\/wp\/v2\/media?parent=2599"}],"curies":[{"name":"wp","href":"https:\/\/api.w.org\/{rel}","templated":true}]}}